{"id":216,"date":"2025-12-11T10:33:03","date_gmt":"2025-12-11T10:33:03","guid":{"rendered":"https:\/\/rentnbuy.com\/blog\/?page_id=216"},"modified":"2025-12-11T11:24:38","modified_gmt":"2025-12-11T11:24:38","slug":"ghid-imobiliar-bucuresti","status":"publish","type":"page","link":"https:\/\/rentnbuy.com\/blog\/ghid-imobiliar-bucuresti\/","title":{"rendered":""},"content":{"rendered":"\n<div class=\"wp-block-cover alignfull\" style=\"margin-top:0;padding-top:48px;padding-right:48px;padding-bottom:48px;padding-left:48px;min-height:66vh;aspect-ratio:unset;\"><img loading=\"lazy\" decoding=\"async\" width=\"1024\" height=\"683\" class=\"wp-block-cover__image-background wp-image-217 size-large\" alt=\"\" src=\"https:\/\/rentnbuy.com\/blog\/wp-content\/uploads\/2025\/12\/Ghid-Imobiliar-Bucuresti-1024x683.png\" data-object-fit=\"cover\" srcset=\"https:\/\/rentnbuy.com\/blog\/wp-content\/uploads\/2025\/12\/Ghid-Imobiliar-Bucuresti-1024x683.png 1024w, https:\/\/rentnbuy.com\/blog\/wp-content\/uploads\/2025\/12\/Ghid-Imobiliar-Bucuresti-300x200.png 300w, https:\/\/rentnbuy.com\/blog\/wp-content\/uploads\/2025\/12\/Ghid-Imobiliar-Bucuresti-768x512.png 768w, https:\/\/rentnbuy.com\/blog\/wp-content\/uploads\/2025\/12\/Ghid-Imobiliar-Bucuresti.png 1200w\" sizes=\"auto, (max-width: 1024px) 100vw, 1024px\" \/><span aria-hidden=\"true\" class=\"wp-block-cover__background has-background-dim-30 has-background-dim\" style=\"background-color:#403a43\"><\/span><div class=\"wp-block-cover__inner-container is-layout-flow wp-block-cover-is-layout-flow\">\n<div class=\"wp-block-group is-content-justification-left\"><div class=\"wp-block-group__inner-container is-layout-constrained wp-container-core-group-is-layout-7206f975 wp-block-group-is-layout-constrained\">\n<h2 class=\"wp-block-heading has-text-align-left has-white-color has-text-color\" style=\"font-size:100px;font-style:normal;font-weight:700;letter-spacing:0px;line-height:1;text-transform:uppercase\">Ghid Imobiliar Bucure\u0219ti<\/h2>\n<\/div><\/div>\n\n\n\n<div class=\"wp-block-buttons is-content-justification-left is-nowrap is-layout-flex wp-container-core-buttons-is-layout-6447b855 wp-block-buttons-is-layout-flex\"><\/div>\n<\/div><\/div>\n\n\n\n<h2 class=\"wp-block-heading\">Pre\u021buri, zone, chirii, v\u00e2nz\u0103ri \u0219i tendin\u021be pe pia\u021ba imobiliar\u0103 din Capital\u0103<\/h2>\n\n\n\n<div class=\"wp-block-media-text is-stacked-on-mobile\"><figure class=\"wp-block-media-text__media\"><img loading=\"lazy\" decoding=\"async\" width=\"1024\" height=\"683\" src=\"https:\/\/rentnbuy.com\/blog\/wp-content\/uploads\/2025\/12\/Ghid-Imobiliar-Bucuresti-2-1024x683.png\" alt=\"\" class=\"wp-image-218 size-full\" srcset=\"https:\/\/rentnbuy.com\/blog\/wp-content\/uploads\/2025\/12\/Ghid-Imobiliar-Bucuresti-2-1024x683.png 1024w, https:\/\/rentnbuy.com\/blog\/wp-content\/uploads\/2025\/12\/Ghid-Imobiliar-Bucuresti-2-300x200.png 300w, https:\/\/rentnbuy.com\/blog\/wp-content\/uploads\/2025\/12\/Ghid-Imobiliar-Bucuresti-2-768x512.png 768w, https:\/\/rentnbuy.com\/blog\/wp-content\/uploads\/2025\/12\/Ghid-Imobiliar-Bucuresti-2.png 1200w\" sizes=\"auto, (max-width: 1024px) 100vw, 1024px\" \/><\/figure><div class=\"wp-block-media-text__content\">\n<p>Pia\u021ba de <strong>imobiliare Bucure\u0219ti<\/strong> continu\u0103 s\u0103 fie cea mai dinamic\u0103 \u0219i complex\u0103 din Rom\u00e2nia, influen\u021bat\u0103 de migra\u021bia intern\u0103, investi\u021biile din zona de Nord, extinderea ora\u0219ului c\u0103tre periferii, dezvolt\u0103rile noi din Ilfov \u0219i cererea puternic\u0103 pentru chirii. \u00cen 2025, Capitala are peste 2 milioane de locuitori \u0219i milioane de tranzac\u021bii imobiliare anual &#8211; ceea ce o transform\u0103 \u00eentr-o pia\u021b\u0103 care se schimb\u0103 constant \u0219i care cere informare solid\u0103 at\u00e2t pentru chiria\u0219i, c\u00e2t \u0219i pentru cump\u0103r\u0103tori.<\/p>\n<\/div><\/div>\n\n\n\n<hr class=\"wp-block-separator has-alpha-channel-opacity\"\/>\n\n\n\n<p>Acest ghid imobiliar Bucure\u0219ti reune\u0219te informa\u021bii esen\u021biale despre <strong>chiriile din Bucure\u0219ti<\/strong>, <strong>apartamentele \u0219i casele de v\u00e2nzare<\/strong>, diferen\u021bele dintre cartiere, evolu\u021bia pre\u021burilor \u0219i recomand\u0103ri practice pentru cei care caut\u0103 o locuin\u021b\u0103 \u00een Capital\u0103, fie direct proprietar, fie \u00een dezvolt\u0103ri noi.<\/p>\n\n\n<ul class=\"wp-block-latest-posts__list is-grid columns-3 has-dates wp-block-latest-posts\"><li><div class=\"wp-block-latest-posts__featured-image\"><img loading=\"lazy\" decoding=\"async\" width=\"150\" height=\"150\" src=\"https:\/\/rentnbuy.com\/blog\/wp-content\/uploads\/2026\/02\/Covers-Articole-SEO-83-150x150.png\" class=\"attachment-thumbnail size-thumbnail wp-post-image\" alt=\"apartament \u00een Bucure\u0219ti\" style=\"\" \/><\/div><a class=\"wp-block-latest-posts__post-title\" href=\"https:\/\/rentnbuy.com\/blog\/cat-trebuie-sa-castigi-pentru-apartament-bucuresti\/\">C\u00e2t trebuie s\u0103 c\u00e2\u0219tigi ca s\u0103 \u00ee\u021bi permi\u021bi un apartament \u00een Bucure\u0219ti?<\/a><time datetime=\"2026-02-11T15:07:38+00:00\" class=\"wp-block-latest-posts__post-date\">February 11, 2026<\/time><\/li>\n<li><div class=\"wp-block-latest-posts__featured-image\"><img loading=\"lazy\" decoding=\"async\" width=\"150\" height=\"150\" src=\"https:\/\/rentnbuy.com\/blog\/wp-content\/uploads\/2026\/01\/Covers-Articole-SEO-64-150x150.png\" class=\"attachment-thumbnail size-thumbnail wp-post-image\" alt=\"imobiliare Timi\u0219oara\" style=\"\" \/><\/div><a class=\"wp-block-latest-posts__post-title\" href=\"https:\/\/rentnbuy.com\/blog\/chirie-bucuresti-sau-cumparare\/\">Chirie Bucure\u0219ti: c\u00e2nd este mai avantajos s\u0103 \u00eenchiriezi dec\u00e2t s\u0103 cumperi o locuin\u021b\u0103<\/a><time datetime=\"2026-01-08T15:49:41+00:00\" class=\"wp-block-latest-posts__post-date\">January 8, 2026<\/time><\/li>\n<li><div class=\"wp-block-latest-posts__featured-image\"><img loading=\"lazy\" decoding=\"async\" width=\"150\" height=\"150\" src=\"https:\/\/rentnbuy.com\/blog\/wp-content\/uploads\/2025\/12\/Covers-Articole-SEO-44-150x150.png\" class=\"attachment-thumbnail size-thumbnail wp-post-image\" alt=\"inchiriere garsoniere Bucure\u0219ti\" style=\"\" \/><\/div><a class=\"wp-block-latest-posts__post-title\" href=\"https:\/\/rentnbuy.com\/blog\/inchiriere-garsoniere-bucuresti-2026\/\">Cine \u00eenchiriaz\u0103 garsoniere \u00een Bucure\u0219ti \u00een 2026 &#8211; profilul chiria\u0219ilor din capital\u0103<\/a><time datetime=\"2025-12-15T10:43:00+00:00\" class=\"wp-block-latest-posts__post-date\">December 15, 2025<\/time><\/li>\n<li><div class=\"wp-block-latest-posts__featured-image\"><img loading=\"lazy\" decoding=\"async\" width=\"150\" height=\"150\" src=\"https:\/\/rentnbuy.com\/blog\/wp-content\/uploads\/2025\/12\/Articol-Pipera-150x150.png\" class=\"attachment-thumbnail size-thumbnail wp-post-image\" alt=\"imobiliare Bucuresti\" style=\"\" \/><\/div><a class=\"wp-block-latest-posts__post-title\" href=\"https:\/\/rentnbuy.com\/blog\/imobiliare-bucuresti-pipera\/\">Imobiliare Bucure\u0219ti Pipera: portretul uneia dintre cele mai dorite zone din imobiliare Bucure\u0219ti<\/a><time datetime=\"2025-12-11T11:00:20+00:00\" class=\"wp-block-latest-posts__post-date\">December 11, 2025<\/time><\/li>\n<li><div class=\"wp-block-latest-posts__featured-image\"><img loading=\"lazy\" decoding=\"async\" width=\"150\" height=\"150\" src=\"https:\/\/rentnbuy.com\/blog\/wp-content\/uploads\/2025\/12\/Covers-Articole-SEO-43-150x150.png\" class=\"attachment-thumbnail size-thumbnail wp-post-image\" alt=\"Bucuresti cele mai sigure orase din lume\" style=\"\" \/><\/div><a class=\"wp-block-latest-posts__post-title\" href=\"https:\/\/rentnbuy.com\/blog\/cele-mai-sigure-orase\/\">Bucure\u0219tiul, \u00een topul celor mai sigure ora\u0219e din lume: ce \u00eenseamn\u0103 clasarea pe locul 70 \u00een indexul global Numbeo<\/a><time datetime=\"2025-12-10T11:31:36+00:00\" class=\"wp-block-latest-posts__post-date\">December 10, 2025<\/time><\/li>\n<\/ul>\n\n\n<div class=\"wp-block-cover alignfull is-light wp-duotone-midnight\" style=\"margin-top:0;padding-top:48px;padding-right:48px;padding-bottom:48px;padding-left:48px;min-height:66vh;aspect-ratio:unset;\"><img loading=\"lazy\" decoding=\"async\" width=\"1024\" height=\"683\" class=\"wp-block-cover__image-background wp-image-140 size-large\" alt=\"taxe noi pentru locuinte in 2026 - noi masuri fiscale\" src=\"https:\/\/rentnbuy.com\/blog\/wp-content\/uploads\/2025\/11\/impozite-locuinte-2026-Romania-1024x683.png\" data-object-fit=\"cover\" srcset=\"https:\/\/rentnbuy.com\/blog\/wp-content\/uploads\/2025\/11\/impozite-locuinte-2026-Romania-1024x683.png 1024w, https:\/\/rentnbuy.com\/blog\/wp-content\/uploads\/2025\/11\/impozite-locuinte-2026-Romania-300x200.png 300w, https:\/\/rentnbuy.com\/blog\/wp-content\/uploads\/2025\/11\/impozite-locuinte-2026-Romania-768x512.png 768w, https:\/\/rentnbuy.com\/blog\/wp-content\/uploads\/2025\/11\/impozite-locuinte-2026-Romania.png 1350w\" sizes=\"auto, (max-width: 1024px) 100vw, 1024px\" \/><span aria-hidden=\"true\" class=\"wp-block-cover__background has-background-dim-30 has-background-dim\" style=\"background-color:#ac90a6\"><\/span><div class=\"wp-block-cover__inner-container is-layout-flow wp-block-cover-is-layout-flow\">\n<div class=\"wp-block-group is-content-justification-left\"><div class=\"wp-block-group__inner-container is-layout-constrained wp-container-core-group-is-layout-7206f975 wp-block-group-is-layout-constrained\">\n<h2 class=\"wp-block-heading has-text-align-left has-white-color has-text-color\" style=\"font-size:100px;font-style:normal;font-weight:700;letter-spacing:0px;line-height:1;text-transform:uppercase\">vezi toate list\u0103rile din bucure\u0219ti<\/h2>\n<\/div><\/div>\n\n\n\n<div style=\"height:72px\" aria-hidden=\"true\" class=\"wp-block-spacer\"><\/div>\n\n\n\n<div class=\"wp-block-buttons is-content-justification-left is-nowrap is-layout-flex wp-container-core-buttons-is-layout-6447b855 wp-block-buttons-is-layout-flex\">\n<div class=\"wp-block-button is-style-outline is-style-outline--1\"><a class=\"wp-block-button__link has-white-color has-text-color has-custom-font-size wp-element-button\" href=\"https:\/\/rentnbuy.com\/s\/vanzari\/imobiliare\/bucuresti\" style=\"padding-top:24px;padding-right:48px;padding-bottom:24px;padding-left:48px;font-size:16px;font-style:normal;font-weight:600;letter-spacing:0px;text-transform:uppercase\">exploreaz\u0103<\/a><\/div>\n<\/div>\n<\/div><\/div>\n","protected":false},"excerpt":{"rendered":"<p>Pre\u021buri, zone, chirii, v\u00e2nz\u0103ri \u0219i tendin\u021be pe pia\u021ba imobiliar\u0103 din Capital\u0103 Pia\u021ba de imobiliare Bucure\u0219ti continu\u0103 s\u0103 fie cea mai dinamic\u0103 \u0219i complex\u0103 din Rom\u00e2nia, influen\u021bat\u0103 de migra\u021bia intern\u0103, investi\u021biile&hellip;<\/p>\n","protected":false},"author":1,"featured_media":0,"parent":0,"menu_order":0,"comment_status":"closed","ping_status":"closed","template":"","meta":{"footnotes":""},"class_list":["post-216","page","type-page","status-publish","hentry"],"yoast_head":"<!-- This site is optimized with the Yoast SEO plugin v26.0 - https:\/\/yoast.com\/wordpress\/plugins\/seo\/ -->\n<title>Ghid Imobiliar Bucure\u0219ti - Tendin\u021be \u0219i sfaturi din Capital\u0103<\/title>\n<meta name=\"description\" content=\"Ghid imobiliar Bucure\u0219ti complet - afl\u0103 informa\u021bii esen\u021biale despre chiriile din Bucure\u0219ti, apartamentele \u0219i casele de v\u00e2nzare.\" \/>\n<meta name=\"robots\" content=\"index, follow, max-snippet:-1, max-image-preview:large, max-video-preview:-1\" \/>\n<link rel=\"canonical\" href=\"https:\/\/rentnbuy.com\/blog\/ghid-imobiliar-bucuresti\/\" \/>\n<meta property=\"og:locale\" content=\"en_US\" \/>\n<meta property=\"og:type\" content=\"article\" \/>\n<meta property=\"og:title\" content=\"Ghid Imobiliar Bucure\u0219ti - Tendin\u021be \u0219i sfaturi din Capital\u0103\" \/>\n<meta property=\"og:description\" content=\"Ghid imobiliar Bucure\u0219ti complet - afl\u0103 informa\u021bii esen\u021biale despre chiriile din Bucure\u0219ti, apartamentele \u0219i casele de v\u00e2nzare.\" \/>\n<meta property=\"og:url\" content=\"https:\/\/rentnbuy.com\/blog\/ghid-imobiliar-bucuresti\/\" \/>\n<meta property=\"og:site_name\" content=\"rentnbuy\" \/>\n<meta property=\"article:publisher\" content=\"https:\/\/www.facebook.com\/p\/Rentnbuy-61576899304562\/\" \/>\n<meta property=\"article:modified_time\" content=\"2025-12-11T11:24:38+00:00\" \/>\n<meta property=\"og:image\" content=\"https:\/\/rentnbuy.com\/blog\/wp-content\/uploads\/2025\/12\/Ghid-Imobiliar-Bucuresti.png\" \/>\n\t<meta property=\"og:image:width\" content=\"1200\" \/>\n\t<meta property=\"og:image:height\" content=\"800\" \/>\n\t<meta property=\"og:image:type\" content=\"image\/png\" \/>\n<meta name=\"twitter:card\" content=\"summary_large_image\" \/>\n<meta name=\"twitter:label1\" content=\"Est. reading time\" \/>\n\t<meta name=\"twitter:data1\" content=\"2 minutes\" \/>\n<!-- \/ Yoast SEO plugin. -->","yoast_head_json":{"title":"Ghid Imobiliar Bucure\u0219ti - Tendin\u021be \u0219i sfaturi din Capital\u0103","description":"Ghid imobiliar Bucure\u0219ti complet - afl\u0103 informa\u021bii esen\u021biale despre chiriile din Bucure\u0219ti, apartamentele \u0219i casele de v\u00e2nzare.","robots":{"index":"index","follow":"follow","max-snippet":"max-snippet:-1","max-image-preview":"max-image-preview:large","max-video-preview":"max-video-preview:-1"},"canonical":"https:\/\/rentnbuy.com\/blog\/ghid-imobiliar-bucuresti\/","og_locale":"en_US","og_type":"article","og_title":"Ghid Imobiliar Bucure\u0219ti - Tendin\u021be \u0219i sfaturi din Capital\u0103","og_description":"Ghid imobiliar Bucure\u0219ti complet - afl\u0103 informa\u021bii esen\u021biale despre chiriile din Bucure\u0219ti, apartamentele \u0219i casele de v\u00e2nzare.","og_url":"https:\/\/rentnbuy.com\/blog\/ghid-imobiliar-bucuresti\/","og_site_name":"rentnbuy","article_publisher":"https:\/\/www.facebook.com\/p\/Rentnbuy-61576899304562\/","article_modified_time":"2025-12-11T11:24:38+00:00","og_image":[{"width":1200,"height":800,"url":"https:\/\/rentnbuy.com\/blog\/wp-content\/uploads\/2025\/12\/Ghid-Imobiliar-Bucuresti.png","type":"image\/png"}],"twitter_card":"summary_large_image","twitter_misc":{"Est. reading time":"2 minutes"},"schema":{"@context":"https:\/\/schema.org","@graph":[{"@type":"WebPage","@id":"https:\/\/rentnbuy.com\/blog\/ghid-imobiliar-bucuresti\/","url":"https:\/\/rentnbuy.com\/blog\/ghid-imobiliar-bucuresti\/","name":"Ghid Imobiliar Bucure\u0219ti - Tendin\u021be \u0219i sfaturi din Capital\u0103","isPartOf":{"@id":"https:\/\/rentnbuy.com\/blog\/#website"},"primaryImageOfPage":{"@id":"https:\/\/rentnbuy.com\/blog\/ghid-imobiliar-bucuresti\/#primaryimage"},"image":{"@id":"https:\/\/rentnbuy.com\/blog\/ghid-imobiliar-bucuresti\/#primaryimage"},"thumbnailUrl":"https:\/\/rentnbuy.com\/blog\/wp-content\/uploads\/2025\/12\/Ghid-Imobiliar-Bucuresti-1024x683.png","datePublished":"2025-12-11T10:33:03+00:00","dateModified":"2025-12-11T11:24:38+00:00","description":"Ghid imobiliar Bucure\u0219ti complet - afl\u0103 informa\u021bii esen\u021biale despre chiriile din Bucure\u0219ti, apartamentele \u0219i casele de v\u00e2nzare.","inLanguage":"en-US","potentialAction":[{"@type":"ReadAction","target":["https:\/\/rentnbuy.com\/blog\/ghid-imobiliar-bucuresti\/"]}]},{"@type":"ImageObject","inLanguage":"en-US","@id":"https:\/\/rentnbuy.com\/blog\/ghid-imobiliar-bucuresti\/#primaryimage","url":"https:\/\/rentnbuy.com\/blog\/wp-content\/uploads\/2025\/12\/Ghid-Imobiliar-Bucuresti.png","contentUrl":"https:\/\/rentnbuy.com\/blog\/wp-content\/uploads\/2025\/12\/Ghid-Imobiliar-Bucuresti.png","width":1200,"height":800},{"@type":"WebSite","@id":"https:\/\/rentnbuy.com\/blog\/#website","url":"https:\/\/rentnbuy.com\/blog\/","name":"rentnbuy","description":"","publisher":{"@id":"https:\/\/rentnbuy.com\/blog\/#organization"},"potentialAction":[{"@type":"SearchAction","target":{"@type":"EntryPoint","urlTemplate":"https:\/\/rentnbuy.com\/blog\/?s={search_term_string}"},"query-input":{"@type":"PropertyValueSpecification","valueRequired":true,"valueName":"search_term_string"}}],"inLanguage":"en-US"},{"@type":"Organization","@id":"https:\/\/rentnbuy.com\/blog\/#organization","name":"rentnbuy","url":"https:\/\/rentnbuy.com\/blog\/","logo":{"@type":"ImageObject","inLanguage":"en-US","@id":"https:\/\/rentnbuy.com\/blog\/#\/schema\/logo\/image\/","url":"https:\/\/rentnbuy.com\/blog\/wp-content\/uploads\/2025\/10\/V2-Logo-Rentnbuy.png","contentUrl":"https:\/\/rentnbuy.com\/blog\/wp-content\/uploads\/2025\/10\/V2-Logo-Rentnbuy.png","width":1000,"height":1000,"caption":"rentnbuy"},"image":{"@id":"https:\/\/rentnbuy.com\/blog\/#\/schema\/logo\/image\/"},"sameAs":["https:\/\/www.facebook.com\/p\/Rentnbuy-61576899304562\/","https:\/\/www.instagram.com\/rentnbuy_romania\/","https:\/\/www.linkedin.com\/company\/rentnbuy1\/?originalSubdomain=ro"]}]}},"_links":{"self":[{"href":"https:\/\/rentnbuy.com\/blog\/wp-json\/wp\/v2\/pages\/216","targetHints":{"allow":["GET"]}}],"collection":[{"href":"https:\/\/rentnbuy.com\/blog\/wp-json\/wp\/v2\/pages"}],"about":[{"href":"https:\/\/rentnbuy.com\/blog\/wp-json\/wp\/v2\/types\/page"}],"author":[{"embeddable":true,"href":"https:\/\/rentnbuy.com\/blog\/wp-json\/wp\/v2\/users\/1"}],"replies":[{"embeddable":true,"href":"https:\/\/rentnbuy.com\/blog\/wp-json\/wp\/v2\/comments?post=216"}],"version-history":[{"count":3,"href":"https:\/\/rentnbuy.com\/blog\/wp-json\/wp\/v2\/pages\/216\/revisions"}],"predecessor-version":[{"id":221,"href":"https:\/\/rentnbuy.com\/blog\/wp-json\/wp\/v2\/pages\/216\/revisions\/221"}],"wp:attachment":[{"href":"https:\/\/rentnbuy.com\/blog\/wp-json\/wp\/v2\/media?parent=216"}],"curies":[{"name":"wp","href":"https:\/\/api.w.org\/{rel}","templated":true}]}}